{"id":274,"date":"2023-02-06T12:36:59","date_gmt":"2023-02-06T12:36:59","guid":{"rendered":"https:\/\/whiteoctopus.testuj.org.pl\/polityka-prywatnosci\/"},"modified":"2023-03-01T15:23:41","modified_gmt":"2023-03-01T15:23:41","slug":"polityka-prywatnosci","status":"publish","type":"page","link":"https:\/\/www.whiteoctopus.pl.jcdev.pl\/pl\/polityka-prywatnosci\/","title":{"rendered":"Polityka prywatno\u015bci serwisu whiteoctopus.pl"},"content":{"rendered":"\n<h3 class=\"wp-block-heading\">Informacje og\u00f3lne<\/h3>\n\n<p><\/p>\n\n<ol>\n<li>Niniejsza Polityka Prywatno\u015bci okre\u015bla zasady przetwarzania i ochrony danych osobowych przekazanych przez U\u017cytkownik\u00f3w w zwi\u0105zku z korzystaniem przez nich us\u0142ug poprzez Serwis.<\/li>\n\n\n\n<li>Administratorem danych osobowych zawartych w serwisie jest White Octopus Sp. z o.o. z siedzib\u0105 w Warszawie, 02-013 przy ul. Williama Heerleina Lindleya 16, wpisan\u0105 do rejestru przedsi\u0119biorc\u00f3w prowadzonego przez S\u0105d Rejonowy dla m.st. Warszawy, XII Wydzia\u0142 m Gospodarczy Krajowego Rejestru S\u0105dowego pod numerem KRS: 0000470464, NIP 525255984.<\/li>\n\n\n\n<li>W trosce o bezpiecze\u0144stwo powierzonych nam danych opracowali\u015bmy wewn\u0119trzne procedury i zalecenia, kt\u00f3re maj\u0105 zapobiec udost\u0119pnieniu danych osobom nieupowa\u017cnionym. Kontrolujemy ich wykonywanie i stale sprawdzamy ich zgodno\u015b\u0107 z\u00a0odpowiednimi aktami prawnymi &#8211; ustaw\u0105 o ochronie danych osobowych, ustaw\u0105 o\u00a0\u015bwiadczeniu us\u0142ug drog\u0105 elektroniczn\u0105, a tak\u017ce wszelkiego rodzaju aktach wykonawczych i aktach prawa wsp\u00f3lnotowego.<\/li>\n\n\n\n<li>Dane Osobowe przetwarzane s\u0105 na podstawie zgody wyra\u017canej przez U\u017cytkownika oraz w \u00a0przypadkach, w kt\u00f3rych przepisy prawa upowa\u017cniaj\u0105 Administratora do przetwarzania danych osobowych na podstawie przepis\u00f3w prawa lub w celu realizacji zawartej pomi\u0119dzy stronami umowy.<\/li>\n\n\n\n<li>Serwis realizuje funkcje pozyskiwania informacji o u\u017cytkownikach i ich zrachowaniach w nast\u0119puj\u0105cy spos\u00f3b:\n<ul>\n<li>poprzez dobrowolnie wprowadzone w formularzach informacje<\/li>\n\n\n\n<li>poprzez gromadzenie plik\u00f3w \u201ccookies\u201d<\/li>\n<\/ul>\n<\/li>\n\n\n\n<li>Serwis zbiera informacje dobrowolnie podane przez u\u017cytkownika.<\/li>\n\n\n\n<li>dane podane w formularzu s\u0105 przetwarzane w celu wynikaj\u0105cym z funkcji konkretnego formularza np. w celu dokonania procesu obs\u0142ugi kontaktu informacyjnego.<\/li>\n\n\n\n<li>Dane osobowe pozostawione w serwisie nie zostan\u0105 sprzedane ani udost\u0119pnione osobom trzecim, zgodnie z przepisami Ustawy o ochronie danych osobowych.<\/li>\n\n\n\n<li>Do danych zawartych w formularzu przys\u0142uguje wgl\u0105d osobie fizycznej, kt\u00f3ra je tam umie\u015bci\u0142a. Osoba ta ma r\u00f3wnie\u017c praw do modyfikacji i zaprzestania przetwarzania swoich danych w dowolnym momencie.<\/li>\n\n\n\n<li>Zastrzegamy sobie prawo do zmiany w polityce ochrony prywatno\u015bci serwisu, na kt\u00f3re mo\u017ce wp\u0142yn\u0105\u0107 rozw\u00f3j technologii internetowej, ewentualne zmiany prawa w zakresie ochrony danych osobowych oraz rozw\u00f3j naszego serwisu internetowego. O wszelkich zmianach b\u0119dziemy informowa\u0107 w spos\u00f3b widoczny i zrozumia\u0142y.<\/li>\n\n\n\n<li>W razie w\u0105tpliwo\u015bci co kt\u00f3regokolwiek z zapis\u00f3w niniejszej polityki prywatno\u015bci jeste\u015bmy do dyspozycji: nasze dane znale\u017a\u0107 mo\u017cna w zak\u0142adce \u2018Kontakt\u2019.<\/li>\n<\/ol>\n","protected":false},"excerpt":{"rendered":"<p>Informacje og\u00f3lne<\/p>\n","protected":false},"author":1,"featured_media":0,"parent":0,"menu_order":0,"comment_status":"closed","ping_status":"open","template":"","meta":[],"acf":[],"_links":{"self":[{"href":"https:\/\/www.whiteoctopus.pl.jcdev.pl\/pl\/wp-json\/wp\/v2\/pages\/274"}],"collection":[{"href":"https:\/\/www.whiteoctopus.pl.jcdev.pl\/pl\/wp-json\/wp\/v2\/pages"}],"about":[{"href":"https:\/\/www.whiteoctopus.pl.jcdev.pl\/pl\/wp-json\/wp\/v2\/types\/page"}],"author":[{"embeddable":true,"href":"https:\/\/www.whiteoctopus.pl.jcdev.pl\/pl\/wp-json\/wp\/v2\/users\/1"}],"replies":[{"embeddable":true,"href":"https:\/\/www.whiteoctopus.pl.jcdev.pl\/pl\/wp-json\/wp\/v2\/comments?post=274"}],"version-history":[{"count":9,"href":"https:\/\/www.whiteoctopus.pl.jcdev.pl\/pl\/wp-json\/wp\/v2\/pages\/274\/revisions"}],"predecessor-version":[{"id":289,"href":"https:\/\/www.whiteoctopus.pl.jcdev.pl\/pl\/wp-json\/wp\/v2\/pages\/274\/revisions\/289"}],"wp:attachment":[{"href":"https:\/\/www.whiteoctopus.pl.jcdev.pl\/pl\/wp-json\/wp\/v2\/media?parent=274"}],"curies":[{"name":"wp","href":"https:\/\/api.w.org\/{rel}","templated":true}]}}